{"id":92,"date":"2025-06-17T23:34:01","date_gmt":"2025-06-17T23:34:01","guid":{"rendered":"https:\/\/jacksonmemorial.net\/jackson\/?page_id=92"},"modified":"2025-06-19T00:05:51","modified_gmt":"2025-06-19T00:05:51","slug":"quienes-somos","status":"publish","type":"page","link":"https:\/\/jacksonmemorial.net\/jackson\/quienes-somos\/","title":{"rendered":"QUIENES SOMOS"},"content":{"rendered":"\t\t<div data-elementor-type=\"wp-page\" data-elementor-id=\"92\" class=\"elementor elementor-92\" data-elementor-post-type=\"page\">\n\t\t\t\t<div class=\"elementor-element elementor-element-1e758647 e-flex e-con-boxed e-con e-parent\" data-id=\"1e758647\" data-element_type=\"container\" data-settings=\"{&quot;background_background&quot;:&quot;classic&quot;}\">\n\t\t\t\t\t<div class=\"e-con-inner\">\n\t\t<div class=\"elementor-element elementor-element-1e2b8b0f e-con-full e-flex e-con e-child\" data-id=\"1e2b8b0f\" data-element_type=\"container\">\n\t\t\t\t<div class=\"elementor-element elementor-element-45f00539 elementor-invisible elementor-widget elementor-widget-heading\" data-id=\"45f00539\" data-element_type=\"widget\" data-settings=\"{&quot;_animation&quot;:&quot;fadeInUp&quot;,&quot;_animation_mobile&quot;:&quot;none&quot;,&quot;ekit_we_effect_on&quot;:&quot;none&quot;}\" data-widget_type=\"heading.default\">\n\t\t\t\t<div class=\"elementor-widget-container\">\n\t\t\t\t\t<h1 class=\"elementor-heading-title elementor-size-default\">Nosotros<\/h1>\t\t\t\t<\/div>\n\t\t\t\t<\/div>\n\t\t\t\t<div class=\"elementor-element elementor-element-5fc2ad9d elementor-icon-list--layout-inline elementor-align-left elementor-mobile-align-center elementor-list-item-link-full_width elementor-invisible elementor-widget elementor-widget-icon-list\" data-id=\"5fc2ad9d\" data-element_type=\"widget\" data-settings=\"{&quot;_animation&quot;:&quot;fadeInUp&quot;,&quot;_animation_mobile&quot;:&quot;none&quot;,&quot;ekit_we_effect_on&quot;:&quot;none&quot;}\" data-widget_type=\"icon-list.default\">\n\t\t\t\t<div class=\"elementor-widget-container\">\n\t\t\t\t\t\t\t<ul class=\"elementor-icon-list-items elementor-inline-items\">\n\t\t\t\t\t\t\t<li class=\"elementor-icon-list-item elementor-inline-item\">\n\t\t\t\t\t\t\t\t\t\t\t<a href=\"#\">\n\n\t\t\t\t\t\t\t\t\t\t\t<span class=\"elementor-icon-list-text\">Inicio<\/span>\n\t\t\t\t\t\t\t\t\t\t\t<\/a>\n\t\t\t\t\t\t\t\t\t<\/li>\n\t\t\t\t\t\t\t\t<li class=\"elementor-icon-list-item elementor-inline-item\">\n\t\t\t\t\t\t\t\t\t\t\t<span class=\"elementor-icon-list-icon\">\n\t\t\t\t\t\t\t<svg aria-hidden=\"true\" class=\"e-font-icon-svg e-fas-chevron-right\" viewBox=\"0 0 320 512\" xmlns=\"http:\/\/www.w3.org\/2000\/svg\"><path d=\"M285.476 272.971L91.132 467.314c-9.373 9.373-24.569 9.373-33.941 0l-22.667-22.667c-9.357-9.357-9.375-24.522-.04-33.901L188.505 256 34.484 101.255c-9.335-9.379-9.317-24.544.04-33.901l22.667-22.667c9.373-9.373 24.569-9.373 33.941 0L285.475 239.03c9.373 9.372 9.373 24.568.001 33.941z\"><\/path><\/svg>\t\t\t\t\t\t<\/span>\n\t\t\t\t\t\t\t\t\t\t<span class=\"elementor-icon-list-text\">Quienes somos<\/span>\n\t\t\t\t\t\t\t\t\t<\/li>\n\t\t\t\t\t\t<\/ul>\n\t\t\t\t\t\t<\/div>\n\t\t\t\t<\/div>\n\t\t\t\t<\/div>\n\t\t<div class=\"elementor-element elementor-element-369a69ef e-con-full e-flex e-con e-child\" data-id=\"369a69ef\" data-element_type=\"container\">\n\t\t<div class=\"elementor-element elementor-element-2cc5fad7 e-con-full e-flex e-con e-child\" data-id=\"2cc5fad7\" data-element_type=\"container\" data-settings=\"{&quot;background_background&quot;:&quot;classic&quot;}\">\n\t\t\t\t<div class=\"elementor-element elementor-element-724a9c4 elementor-invisible elementor-widget elementor-widget-image\" data-id=\"724a9c4\" data-element_type=\"widget\" data-settings=\"{&quot;_animation&quot;:&quot;fadeInUp&quot;,&quot;_animation_mobile&quot;:&quot;none&quot;,&quot;ekit_we_effect_on&quot;:&quot;none&quot;}\" data-widget_type=\"image.default\">\n\t\t\t\t<div class=\"elementor-widget-container\">\n\t\t\t\t\t\t\t\t\t\t\t\t\t\t\t<img fetchpriority=\"high\" decoding=\"async\" width=\"400\" height=\"525\" src=\"https:\/\/jacksonmemorial.net\/jackson\/wp-content\/uploads\/2025\/06\/20150125_6030-min.png\" class=\"attachment-large size-large wp-image-19\" alt=\"\" srcset=\"https:\/\/jacksonmemorial.net\/jackson\/wp-content\/uploads\/2025\/06\/20150125_6030-min.png 400w, https:\/\/jacksonmemorial.net\/jackson\/wp-content\/uploads\/2025\/06\/20150125_6030-min-229x300.png 229w\" sizes=\"(max-width: 400px) 100vw, 400px\" \/>\t\t\t\t\t\t\t\t\t\t\t\t\t\t\t<\/div>\n\t\t\t\t<\/div>\n\t\t\t\t<div class=\"elementor-element elementor-element-5d605c2 elementor-absolute elementor-invisible elementor-widget elementor-widget-image\" data-id=\"5d605c2\" data-element_type=\"widget\" data-settings=\"{&quot;_position&quot;:&quot;absolute&quot;,&quot;_animation&quot;:&quot;fadeInDown&quot;,&quot;_animation_mobile&quot;:&quot;none&quot;,&quot;ekit_we_effect_on&quot;:&quot;none&quot;}\" data-widget_type=\"image.default\">\n\t\t\t\t<div class=\"elementor-widget-container\">\n\t\t\t\t\t\t\t\t\t\t\t\t\t\t\t<img decoding=\"async\" width=\"32\" height=\"33\" src=\"https:\/\/jacksonmemorial.net\/jackson\/wp-content\/uploads\/2025\/06\/icon.png\" class=\"attachment-large size-large wp-image-20\" alt=\"\" \/>\t\t\t\t\t\t\t\t\t\t\t\t\t\t\t<\/div>\n\t\t\t\t<\/div>\n\t\t<div class=\"elementor-element elementor-element-57fb513a e-con-full e-flex elementor-invisible e-con e-child\" data-id=\"57fb513a\" data-element_type=\"container\" data-settings=\"{&quot;background_background&quot;:&quot;classic&quot;,&quot;position&quot;:&quot;absolute&quot;,&quot;animation&quot;:&quot;fadeInLeft&quot;,&quot;animation_mobile&quot;:&quot;none&quot;}\">\n\t\t\t\t<div class=\"elementor-element elementor-element-313e35dc elementor-view-default elementor-widget elementor-widget-icon\" data-id=\"313e35dc\" data-element_type=\"widget\" data-settings=\"{&quot;ekit_we_effect_on&quot;:&quot;none&quot;}\" data-widget_type=\"icon.default\">\n\t\t\t\t<div class=\"elementor-widget-container\">\n\t\t\t\t\t\t\t<div class=\"elementor-icon-wrapper\">\n\t\t\t<div class=\"elementor-icon\">\n\t\t\t<i aria-hidden=\"true\" class=\"icon icon-stethoscope\"><\/i>\t\t\t<\/div>\n\t\t<\/div>\n\t\t\t\t\t\t<\/div>\n\t\t\t\t<\/div>\n\t\t\t\t<\/div>\n\t\t\t\t<\/div>\n\t\t\t\t<\/div>\n\t\t\t\t\t<\/div>\n\t\t\t\t<\/div>\n\t\t<div class=\"elementor-element elementor-element-7ea475f5 e-flex e-con-boxed e-con e-parent\" data-id=\"7ea475f5\" data-element_type=\"container\">\n\t\t\t\t\t<div class=\"e-con-inner\">\n\t\t<div class=\"elementor-element elementor-element-623e6eb0 e-con-full e-flex e-con e-child\" data-id=\"623e6eb0\" data-element_type=\"container\">\n\t\t\t\t<div class=\"elementor-element elementor-element-3336edb6 elementor-invisible elementor-widget elementor-widget-image\" data-id=\"3336edb6\" data-element_type=\"widget\" data-settings=\"{&quot;_animation&quot;:&quot;fadeInDown&quot;,&quot;ekit_we_effect_on&quot;:&quot;none&quot;}\" data-widget_type=\"image.default\">\n\t\t\t\t<div class=\"elementor-widget-container\">\n\t\t\t\t\t\t\t\t\t\t\t\t\t\t\t<img decoding=\"async\" src=\"https:\/\/jacksonmemorial.net\/jackson\/wp-content\/uploads\/elementor\/thumbs\/medical-r7god5cxpgp4s3v126x20ftmkh67xp3z3e7uet7pwe.webp\" title=\"medical.webp\" alt=\"medical.webp\" loading=\"lazy\" \/>\t\t\t\t\t\t\t\t\t\t\t\t\t\t\t<\/div>\n\t\t\t\t<\/div>\n\t\t<div class=\"elementor-element elementor-element-7e7c414f e-con-full e-flex e-con e-child\" data-id=\"7e7c414f\" data-element_type=\"container\" data-settings=\"{&quot;position&quot;:&quot;absolute&quot;}\">\n\t\t\t\t<div class=\"elementor-element elementor-element-36554aad elementor-widget__width-initial elementor-invisible elementor-widget elementor-widget-image\" data-id=\"36554aad\" data-element_type=\"widget\" data-settings=\"{&quot;_animation&quot;:&quot;fadeInLeft&quot;,&quot;ekit_we_effect_on&quot;:&quot;none&quot;}\" data-widget_type=\"image.default\">\n\t\t\t\t<div class=\"elementor-widget-container\">\n\t\t\t\t\t\t\t\t\t\t\t\t\t\t\t<img decoding=\"async\" width=\"800\" height=\"540\" src=\"https:\/\/jacksonmemorial.net\/jackson\/wp-content\/uploads\/2025\/06\/mammography-test-hospital-medical-equipment_189498-2760-transformed-1185x800-1-1024x691.webp\" class=\"attachment-large size-large wp-image-23\" alt=\"\" srcset=\"https:\/\/jacksonmemorial.net\/jackson\/wp-content\/uploads\/2025\/06\/mammography-test-hospital-medical-equipment_189498-2760-transformed-1185x800-1-1024x691.webp 1024w, https:\/\/jacksonmemorial.net\/jackson\/wp-content\/uploads\/2025\/06\/mammography-test-hospital-medical-equipment_189498-2760-transformed-1185x800-1-300x203.webp 300w, https:\/\/jacksonmemorial.net\/jackson\/wp-content\/uploads\/2025\/06\/mammography-test-hospital-medical-equipment_189498-2760-transformed-1185x800-1-768x518.webp 768w, https:\/\/jacksonmemorial.net\/jackson\/wp-content\/uploads\/2025\/06\/mammography-test-hospital-medical-equipment_189498-2760-transformed-1185x800-1.webp 1185w\" sizes=\"(max-width: 800px) 100vw, 800px\" \/>\t\t\t\t\t\t\t\t\t\t\t\t\t\t\t<\/div>\n\t\t\t\t<\/div>\n\t\t\t\t<div class=\"elementor-element elementor-element-227efd70 elementor-widget__width-initial elementor-invisible elementor-widget elementor-widget-image\" data-id=\"227efd70\" data-element_type=\"widget\" data-settings=\"{&quot;_animation&quot;:&quot;fadeInUp&quot;,&quot;ekit_we_effect_on&quot;:&quot;none&quot;}\" data-widget_type=\"image.default\">\n\t\t\t\t<div class=\"elementor-widget-container\">\n\t\t\t\t\t\t\t\t\t\t\t\t\t\t\t<img loading=\"lazy\" decoding=\"async\" width=\"800\" height=\"494\" src=\"https:\/\/jacksonmemorial.net\/jackson\/wp-content\/uploads\/2025\/06\/Staff-2-1024x632.webp\" class=\"attachment-large size-large wp-image-27\" alt=\"\" srcset=\"https:\/\/jacksonmemorial.net\/jackson\/wp-content\/uploads\/2025\/06\/Staff-2-1024x632.webp 1024w, https:\/\/jacksonmemorial.net\/jackson\/wp-content\/uploads\/2025\/06\/Staff-2-300x185.webp 300w, https:\/\/jacksonmemorial.net\/jackson\/wp-content\/uploads\/2025\/06\/Staff-2-768x474.webp 768w, https:\/\/jacksonmemorial.net\/jackson\/wp-content\/uploads\/2025\/06\/Staff-2-1536x948.webp 1536w, https:\/\/jacksonmemorial.net\/jackson\/wp-content\/uploads\/2025\/06\/Staff-2.webp 2000w\" sizes=\"(max-width: 800px) 100vw, 800px\" \/>\t\t\t\t\t\t\t\t\t\t\t\t\t\t\t<\/div>\n\t\t\t\t<\/div>\n\t\t\t\t<\/div>\n\t\t\t\t<\/div>\n\t\t<div class=\"elementor-element elementor-element-1a385a98 e-con-full e-flex e-con e-child\" data-id=\"1a385a98\" data-element_type=\"container\">\n\t\t\t\t<div class=\"elementor-element elementor-element-2aa50430 elementor-icon-list--layout-inline elementor-tablet-align-center elementor-list-item-link-full_width elementor-invisible elementor-widget elementor-widget-icon-list\" data-id=\"2aa50430\" data-element_type=\"widget\" data-settings=\"{&quot;_animation&quot;:&quot;fadeInUp&quot;,&quot;ekit_we_effect_on&quot;:&quot;none&quot;}\" data-widget_type=\"icon-list.default\">\n\t\t\t\t<div class=\"elementor-widget-container\">\n\t\t\t\t\t\t\t<ul class=\"elementor-icon-list-items elementor-inline-items\">\n\t\t\t\t\t\t\t<li class=\"elementor-icon-list-item elementor-inline-item\">\n\t\t\t\t\t\t\t\t\t\t\t<span class=\"elementor-icon-list-icon\">\n\t\t\t\t\t\t\t<svg aria-hidden=\"true\" class=\"e-font-icon-svg e-fas-stethoscope\" viewBox=\"0 0 512 512\" xmlns=\"http:\/\/www.w3.org\/2000\/svg\"><path d=\"M447.1 112c-34.2.5-62.3 28.4-63 62.6-.5 24.3 12.5 45.6 32 56.8V344c0 57.3-50.2 104-112 104-60 0-109.2-44.1-111.9-99.2C265 333.8 320 269.2 320 192V36.6c0-11.4-8.1-21.3-19.3-23.5L237.8.5c-13-2.6-25.6 5.8-28.2 18.8L206.4 35c-2.6 13 5.8 25.6 18.8 28.2l30.7 6.1v121.4c0 52.9-42.2 96.7-95.1 97.2-53.4.5-96.9-42.7-96.9-96V69.4l30.7-6.1c13-2.6 21.4-15.2 18.8-28.2l-3.1-15.7C107.7 6.4 95.1-2 82.1.6L19.3 13C8.1 15.3 0 25.1 0 36.6V192c0 77.3 55.1 142 128.1 156.8C130.7 439.2 208.6 512 304 512c97 0 176-75.4 176-168V231.4c19.1-11.1 32-31.7 32-55.4 0-35.7-29.2-64.5-64.9-64zm.9 80c-8.8 0-16-7.2-16-16s7.2-16 16-16 16 7.2 16 16-7.2 16-16 16z\"><\/path><\/svg>\t\t\t\t\t\t<\/span>\n\t\t\t\t\t\t\t\t\t\t<span class=\"elementor-icon-list-text\">nosotros<\/span>\n\t\t\t\t\t\t\t\t\t<\/li>\n\t\t\t\t\t\t<\/ul>\n\t\t\t\t\t\t<\/div>\n\t\t\t\t<\/div>\n\t\t\t\t<div class=\"elementor-element elementor-element-2ced8876 elementor-invisible elementor-widget elementor-widget-heading\" data-id=\"2ced8876\" data-element_type=\"widget\" data-settings=\"{&quot;_animation&quot;:&quot;fadeInUp&quot;,&quot;ekit_we_effect_on&quot;:&quot;none&quot;}\" data-widget_type=\"heading.default\">\n\t\t\t\t<div class=\"elementor-widget-container\">\n\t\t\t\t\t<h2 class=\"elementor-heading-title elementor-size-default\">Calidez Humana, Excelencia M\u00e9dica<\/h2>\t\t\t\t<\/div>\n\t\t\t\t<\/div>\n\t\t\t\t<div class=\"elementor-element elementor-element-33363d58 elementor-invisible elementor-widget elementor-widget-text-editor\" data-id=\"33363d58\" data-element_type=\"widget\" data-settings=\"{&quot;_animation&quot;:&quot;fadeInUp&quot;,&quot;ekit_we_effect_on&quot;:&quot;none&quot;}\" data-widget_type=\"text-editor.default\">\n\t\t\t\t<div class=\"elementor-widget-container\">\n\t\t\t\t\t\t\t\t\t<p>En Jackson&#8217;s Memorial brindamos medicina de vanguardia con atenci\u00f3n completamente personalizada, porque tu salud y bienestar son nuestra m\u00e1xima prioridad.<\/p>\t\t\t\t\t\t\t\t<\/div>\n\t\t\t\t<\/div>\n\t\t<div class=\"elementor-element elementor-element-6ed0f9cd e-grid e-con-full elementor-invisible e-con e-child\" data-id=\"6ed0f9cd\" data-element_type=\"container\" data-settings=\"{&quot;background_background&quot;:&quot;classic&quot;,&quot;animation&quot;:&quot;fadeInUp&quot;}\">\n\t\t\t\t<div class=\"elementor-element elementor-element-33d82950 elementor-widget elementor-widget-icon-box\" data-id=\"33d82950\" data-element_type=\"widget\" data-settings=\"{&quot;ekit_we_effect_on&quot;:&quot;none&quot;}\" data-widget_type=\"icon-box.default\">\n\t\t\t\t<div class=\"elementor-widget-container\">\n\t\t\t\t\t\t\t<div class=\"elementor-icon-box-wrapper\">\n\n\t\t\t\n\t\t\t\t\t\t<div class=\"elementor-icon-box-content\">\n\n\t\t\t\t\t\t\t\t\t<h4 class=\"elementor-icon-box-title\">\n\t\t\t\t\t\t<span  >\n\t\t\t\t\t\t\tMisi\u00f3n\t\t\t\t\t\t<\/span>\n\t\t\t\t\t<\/h4>\n\t\t\t\t\n\t\t\t\t\t\t\t\t\t<p class=\"elementor-icon-box-description\">\n\t\t\t\t\t\tMejorar la salud y bienestar de la regi\u00f3n occidental mediante medicina integral de excelencia, combinando profesionales altamente calificados, tecnolog\u00eda avanzada y valores humanos como el respeto, la comprensi\u00f3n y la solidaridad hacia cada paciente.\t\t\t\t\t<\/p>\n\t\t\t\t\n\t\t\t<\/div>\n\t\t\t\n\t\t<\/div>\n\t\t\t\t\t\t<\/div>\n\t\t\t\t<\/div>\n\t\t\t\t<div class=\"elementor-element elementor-element-5612ed66 elementor-widget elementor-widget-icon-box\" data-id=\"5612ed66\" data-element_type=\"widget\" data-settings=\"{&quot;ekit_we_effect_on&quot;:&quot;none&quot;}\" data-widget_type=\"icon-box.default\">\n\t\t\t\t<div class=\"elementor-widget-container\">\n\t\t\t\t\t\t\t<div class=\"elementor-icon-box-wrapper\">\n\n\t\t\t\n\t\t\t\t\t\t<div class=\"elementor-icon-box-content\">\n\n\t\t\t\t\t\t\t\t\t<h4 class=\"elementor-icon-box-title\">\n\t\t\t\t\t\t<span  >\n\t\t\t\t\t\t\tVisi\u00f3n\t\t\t\t\t\t<\/span>\n\t\t\t\t\t<\/h4>\n\t\t\t\t\n\t\t\t\t\t\t\t\t\t<p class=\"elementor-icon-box-description\">\n\t\t\t\t\t\tSer el centro m\u00e9dico l\u00edder reconocido nacional e internacionalmente por nuestra excelencia en medicina integral, innovaci\u00f3n tecnol\u00f3gica y profesionales de clase mundial, transformando la calidad de vida a trav\u00e9s de la promoci\u00f3n, prevenci\u00f3n, curaci\u00f3n y rehabilitaci\u00f3n.\t\t\t\t\t<\/p>\n\t\t\t\t\n\t\t\t<\/div>\n\t\t\t\n\t\t<\/div>\n\t\t\t\t\t\t<\/div>\n\t\t\t\t<\/div>\n\t\t\t\t<\/div>\n\t\t<div class=\"elementor-element elementor-element-6eb3d1fb e-con-full e-flex e-con e-child\" data-id=\"6eb3d1fb\" data-element_type=\"container\">\n\t\t\t\t<div class=\"elementor-element elementor-element-7a3e8369 elementor-invisible elementor-widget elementor-widget-button\" data-id=\"7a3e8369\" data-element_type=\"widget\" data-settings=\"{&quot;_animation&quot;:&quot;fadeInUp&quot;,&quot;ekit_we_effect_on&quot;:&quot;none&quot;}\" data-widget_type=\"button.default\">\n\t\t\t\t<div class=\"elementor-widget-container\">\n\t\t\t\t\t\t\t\t\t<div class=\"elementor-button-wrapper\">\n\t\t\t\t\t<a class=\"elementor-button elementor-button-link elementor-size-sm\" href=\"https:\/\/jacksonmemorial.net\/jackson\/agendar-cita\/\">\n\t\t\t\t\t\t<span class=\"elementor-button-content-wrapper\">\n\t\t\t\t\t\t\t\t\t<span class=\"elementor-button-text\">Agendar<\/span>\n\t\t\t\t\t<\/span>\n\t\t\t\t\t<\/a>\n\t\t\t\t<\/div>\n\t\t\t\t\t\t\t\t<\/div>\n\t\t\t\t<\/div>\n\t\t\t\t<div class=\"elementor-element elementor-element-4ef3c7c7 elementor-view-framed elementor-position-left elementor-vertical-align-middle elementor-mobile-position-left elementor-shape-circle elementor-invisible elementor-widget elementor-widget-icon-box\" data-id=\"4ef3c7c7\" data-element_type=\"widget\" data-settings=\"{&quot;_animation&quot;:&quot;fadeInUp&quot;,&quot;_animation_delay&quot;:200,&quot;ekit_we_effect_on&quot;:&quot;none&quot;}\" data-widget_type=\"icon-box.default\">\n\t\t\t\t<div class=\"elementor-widget-container\">\n\t\t\t\t\t\t\t<div class=\"elementor-icon-box-wrapper\">\n\n\t\t\t\t\t\t<div class=\"elementor-icon-box-icon\">\n\t\t\t\t<a href=\"https:\/\/wa.me\/50687220502\" class=\"elementor-icon\" tabindex=\"-1\" aria-label=\"WhatsApp\">\n\t\t\t\t<i aria-hidden=\"true\" class=\" icon_phone\"><\/i>\t\t\t\t<\/a>\n\t\t\t<\/div>\n\t\t\t\n\t\t\t\t\t\t<div class=\"elementor-icon-box-content\">\n\n\t\t\t\t\t\t\t\t\t<p class=\"elementor-icon-box-title\">\n\t\t\t\t\t\t<a href=\"https:\/\/wa.me\/50687220502\" >\n\t\t\t\t\t\t\tWhatsApp\t\t\t\t\t\t<\/a>\n\t\t\t\t\t<\/p>\n\t\t\t\t\n\t\t\t\t\t\t\t\t\t<p class=\"elementor-icon-box-description\">\n\t\t\t\t\t\t(506) 87220502\t\t\t\t\t<\/p>\n\t\t\t\t\n\t\t\t<\/div>\n\t\t\t\n\t\t<\/div>\n\t\t\t\t\t\t<\/div>\n\t\t\t\t<\/div>\n\t\t\t\t<\/div>\n\t\t\t\t<\/div>\n\t\t\t\t\t<\/div>\n\t\t\t\t<\/div>\n\t\t<div class=\"elementor-element elementor-element-82b8c9e e-flex e-con-boxed e-con e-parent\" data-id=\"82b8c9e\" data-element_type=\"container\">\n\t\t\t\t\t<div class=\"e-con-inner\">\n\t\t\t\t<div class=\"elementor-element elementor-element-1b1b077 elementor-widget elementor-widget-text-editor\" data-id=\"1b1b077\" data-element_type=\"widget\" data-settings=\"{&quot;ekit_we_effect_on&quot;:&quot;none&quot;}\" data-widget_type=\"text-editor.default\">\n\t\t\t\t<div class=\"elementor-widget-container\">\n\t\t\t\t\t\t\t\t\t<h3 class=\"text-lg font-bold text-text-100 mt-1 -mb-1.5\"><strong>Nuestra Historia<\/strong><\/h3><p class=\"whitespace-normal break-words\"><strong>\u00abPioneros en Medicina Privada de Occidente\u00bb<\/strong><\/p><p class=\"whitespace-normal break-words\">\u00abJackson Memorial naci\u00f3 en 2012 con una visi\u00f3n clara: ser el primer centro radiol\u00f3gico privado con tecnolog\u00eda avanzada en la zona de occidente de Costa Rica. Surgimos para aliviar la demanda de servicios m\u00e9dicos especializados del sector p\u00fablico, ofreciendo una alternativa privada de excelencia.<\/p><p class=\"whitespace-normal break-words\">Desde nuestros inicios en San Ram\u00f3n de Alajuela, hemos crecido hasta convertirnos en l\u00edderes del mercado de prestaciones de salud en occidente, atendiendo no solo a la poblaci\u00f3n local, sino tambi\u00e9n a comunidades de cantones y provincias aleda\u00f1as.\u00bb<\/p><h3 class=\"text-lg font-bold text-text-100 mt-1 -mb-1.5\"><strong>Nuestra Evoluci\u00f3n<\/strong><\/h3><p class=\"whitespace-normal break-words\"><strong>\u00abDe Centro Radiol\u00f3gico a L\u00edder Integral en Salud\u00bb<\/strong><\/p><p class=\"whitespace-normal break-words\">\u00abLo que comenz\u00f3 como un centro especializado en im\u00e1genes m\u00e9dicas, se ha transformado en un complejo m\u00e9dico integral que ofrece:<\/p><p class=\"whitespace-normal break-words\">\u2705 <strong>Servicios de Imagenolog\u00eda Completos:<\/strong> Rayos X, ultrasonidos, mamograf\u00edas y TAC<\/p><p class=\"whitespace-normal break-words\">\u2705 <strong>27 Especialidades M\u00e9dicas<\/strong> en constante actualizaci\u00f3n<\/p><p class=\"whitespace-normal break-words\">\u2705 <strong>Laboratorio Cl\u00ednico<\/strong> con m\u00e1s de 500 opciones de an\u00e1lisis<\/p><p class=\"whitespace-normal break-words\">\u2705 <strong>Atenci\u00f3n Empresarial<\/strong> para compa\u00f1\u00edas de toda la regi\u00f3n<\/p><p class=\"whitespace-normal break-words\">\u2705 <strong>Medicina Privada<\/strong> de alta calidad a precios accesibles\u00bb<\/p><h3 class=\"text-lg font-bold text-text-100 mt-1 -mb-1.5\"><strong>Nuestro Compromiso<\/strong><\/h3><p class=\"whitespace-normal break-words\"><strong>\u00abSoluciones Integrales en Salud\u00bb<\/strong><\/p><p class=\"whitespace-normal break-words\">\u00abSomos promotores y desarrolladores de soluciones integrales en servicios de salud. Nuestros pacientes encuentran en Jackson Memorial la unificaci\u00f3n de servicios que necesitan, con la mejor cobertura de sus necesidades m\u00e9dicas, siempre acompa\u00f1ada del excelente servicio que nos caracteriza.\u00bb<\/p>\t\t\t\t\t\t\t\t<\/div>\n\t\t\t\t<\/div>\n\t\t\t\t\t<\/div>\n\t\t\t\t<\/div>\n\t\t\t\t<\/div>\n\t\t","protected":false},"excerpt":{"rendered":"<p>Nosotros Inicio Quienes somos nosotros Calidez Humana, Excelencia M\u00e9dica En Jackson&#8217;s Memorial brindamos medicina de vanguardia con atenci\u00f3n completamente personalizada, porque tu salud y bienestar son nuestra m\u00e1xima prioridad. Misi\u00f3n Mejorar la salud y bienestar de la regi\u00f3n occidental mediante medicina integral de excelencia, combinando profesionales altamente calificados, tecnolog\u00eda avanzada y valores humanos como el [&hellip;]<\/p>\n","protected":false},"author":1,"featured_media":0,"parent":0,"menu_order":0,"comment_status":"closed","ping_status":"closed","template":"","meta":{"footnotes":""},"class_list":["post-92","page","type-page","status-publish","hentry"],"_links":{"self":[{"href":"https:\/\/jacksonmemorial.net\/jackson\/wp-json\/wp\/v2\/pages\/92","targetHints":{"allow":["GET"]}}],"collection":[{"href":"https:\/\/jacksonmemorial.net\/jackson\/wp-json\/wp\/v2\/pages"}],"about":[{"href":"https:\/\/jacksonmemorial.net\/jackson\/wp-json\/wp\/v2\/types\/page"}],"author":[{"embeddable":true,"href":"https:\/\/jacksonmemorial.net\/jackson\/wp-json\/wp\/v2\/users\/1"}],"replies":[{"embeddable":true,"href":"https:\/\/jacksonmemorial.net\/jackson\/wp-json\/wp\/v2\/comments?post=92"}],"version-history":[{"count":13,"href":"https:\/\/jacksonmemorial.net\/jackson\/wp-json\/wp\/v2\/pages\/92\/revisions"}],"predecessor-version":[{"id":294,"href":"https:\/\/jacksonmemorial.net\/jackson\/wp-json\/wp\/v2\/pages\/92\/revisions\/294"}],"wp:attachment":[{"href":"https:\/\/jacksonmemorial.net\/jackson\/wp-json\/wp\/v2\/media?parent=92"}],"curies":[{"name":"wp","href":"https:\/\/api.w.org\/{rel}","templated":true}]}}